{"id":835,"date":"2022-10-12T09:10:37","date_gmt":"2022-10-12T07:10:37","guid":{"rendered":"https:\/\/www.alysson-hotel.fr\/restaurant-bar-oloron\/"},"modified":"2025-07-14T17:19:39","modified_gmt":"2025-07-14T15:19:39","slug":"restaurant-bar-oloron","status":"publish","type":"page","link":"https:\/\/www.alysson-hotel.fr\/en\/restaurant-bar-oloron\/","title":{"rendered":"Restaurant &amp; Bar Oloron"},"content":{"rendered":"[vc_row type=&#8221;full_width_background&#8221; full_screen_row_position=&#8221;middle&#8221; bg_image=&#8221;133&#8243; bg_position=&#8221;center bottom&#8221; bg_repeat=&#8221;no-repeat&#8221; scene_position=&#8221;center&#8221; text_color=&#8221;light&#8221; text_align=&#8221;center&#8221; top_padding=&#8221;15%&#8221; bottom_padding=&#8221;4%&#8221; class=&#8221;inner-head&#8221; color_overlay=&#8221;#0a0a0a&#8221; overlay_strength=&#8221;0.3&#8243; shape_divider_position=&#8221;bottom&#8221; shape_type=&#8221;&#8221;][vc_column column_padding=&#8221;no-extra-padding&#8221; column_padding_position=&#8221;all&#8221; background_color_opacity=&#8221;1&#8243; background_hover_color_opacity=&#8221;1&#8243; column_shadow=&#8221;none&#8221; column_border_radius=&#8221;none&#8221; width=&#8221;1\/1&#8243; tablet_text_alignment=&#8221;default&#8221; phone_text_alignment=&#8221;default&#8221; column_border_width=&#8221;none&#8221; column_border_style=&#8221;solid&#8221;][vc_custom_heading text=&#8221;Restaurant &amp; Bar&#8221; font_container=&#8221;tag:h1|text_align:center|color:%23ffffff&#8221; use_theme_fonts=&#8221;yes&#8221;][\/vc_column][\/vc_row][vc_row type=&#8221;full_width_background&#8221; full_screen_row_position=&#8221;middle&#8221; scene_position=&#8221;center&#8221; text_color=&#8221;dark&#8221; text_align=&#8221;left&#8221; top_padding=&#8221;4%&#8221; id=&#8221;chambres&#8221; overlay_strength=&#8221;0.3&#8243; shape_divider_position=&#8221;bottom&#8221; shape_type=&#8221;&#8221;][vc_column enable_animation=&#8221;true&#8221; animation=&#8221;fade-in-from-bottom&#8221; column_padding=&#8221;no-extra-padding&#8221; column_padding_position=&#8221;all&#8221; background_color_opacity=&#8221;1&#8243; background_hover_color_opacity=&#8221;1&#8243; column_shadow=&#8221;none&#8221; column_border_radius=&#8221;none&#8221; width=&#8221;1\/1&#8243; tablet_text_alignment=&#8221;default&#8221; phone_text_alignment=&#8221;default&#8221; column_border_width=&#8221;none&#8221; column_border_style=&#8221;solid&#8221; delay=&#8221;100&#8243;][vc_row_inner column_margin=&#8221;default&#8221; text_align=&#8221;left&#8221;][vc_column_inner column_padding=&#8221;no-extra-padding&#8221; column_padding_position=&#8221;all&#8221; background_color_opacity=&#8221;1&#8243; background_hover_color_opacity=&#8221;1&#8243; column_shadow=&#8221;none&#8221; column_border_radius=&#8221;none&#8221; width=&#8221;2\/3&#8243; column_border_width=&#8221;none&#8221; column_border_style=&#8221;solid&#8221;][vc_column_text]\n<p class=\"seo-keyword\">restaurant bar oloron<\/p>\n[\/vc_column_text][vc_custom_heading text=&#8221;Menus are served&#8221; use_theme_fonts=&#8221;yes&#8221;][divider line_type=&#8221;Small Line&#8221; line_thickness=&#8221;3&#8243; divider_color=&#8221;accent-color&#8221; animate=&#8221;yes&#8221; custom_height=&#8221;40&#8243; custom_line_width=&#8221;5%&#8221; delay=&#8221;100&#8243;][vc_column_text]With the same concern for the quality of products, <a href=\"https:\/\/www.alysson-hotel.fr\/en\/services\/\">service<\/a> and hospitality, in a beautiful dining room with bay windows overlooking the park and the swimming pool and in a friendly atmosphere.<\/p>\n<p><strong>Service on the terrace in <a href=\"http:\/\/www.meteofrance.com\/accueil\" target=\"_blank\" rel=\"noopener noreferrer\">summer<\/a>.<\/strong><br \/>\nWe will introduce you to some good dishes prepared by <strong>Nicolas and Christophe Dodard<\/strong>, the owners of the establishment.<\/p>\n<p>The restaurant is open from tuesday to friday for lunch, and from tuesday until saturday for dinner. Weekly closing on Saturday and Monday noon, and Sunday all day. On mondays for dinner, we provide a minimal service for guests staying at the hotel. Please contact us for more information.<\/p>\n<p>The restaurant will welcome you with pleasure on Easter and Pentecost Sunday lunchtimes.[\/vc_column_text][nectar_btn size=&#8221;medium&#8221; open_new_tab=&#8221;true&#8221; button_style=&#8221;regular&#8221; button_color_2=&#8221;Accent-Color&#8221; color_override=&#8221;#ffffff&#8221; icon_family=&#8221;none&#8221; el_class=&#8221;btn-broch&#8221; url=&#8221;https:\/\/www.alysson-hotel.fr\/wp-content\/uploads\/2025\/07\/08.07.25.png&#8221; text=&#8221;Take a look at the menu &#8221; margin_top=&#8221;25&#8243;][vc_column_text]\n<p class=\"seo-keyword\">restaurant bar oloron<\/p>\n[\/vc_column_text][vc_custom_heading text=&#8221;Private events&#8221; use_theme_fonts=&#8221;yes&#8221; css=&#8221;.vc_custom_1633930690400{margin-top: 50px !important;}&#8221;][divider line_type=&#8221;Small Line&#8221; line_thickness=&#8221;3&#8243; divider_color=&#8221;accent-color&#8221; animate=&#8221;yes&#8221; custom_height=&#8221;40&#8243; custom_line_width=&#8221;5%&#8221; delay=&#8221;100&#8243;][vc_column_text]Do you want to organize a <strong>seminar, company meal or family meal<\/strong> (baptism, birthday, etc.)? We would be delighted to make you a proposal that fully meets your expectations. Do not hesitate to call us or contact us by email or via the contact form.[\/vc_column_text][\/vc_column_inner][vc_column_inner enable_animation=&#8221;true&#8221; animation=&#8221;fade-in-from-right&#8221; column_padding=&#8221;padding-2-percent&#8221; column_padding_position=&#8221;all&#8221; background_color=&#8221;#e2b55d&#8221; background_color_opacity=&#8221;1&#8243; background_hover_color_opacity=&#8221;1&#8243; font_color=&#8221;#ffffff&#8221; column_shadow=&#8221;small_depth&#8221; column_border_radius=&#8221;none&#8221; bottom_margin=&#8221;75&#8243; width=&#8221;1\/3&#8243; column_border_width=&#8221;none&#8221; column_border_style=&#8221;solid&#8221; delay=&#8221;300&#8243;][vc_custom_heading text=&#8221;Schedule&#8221; font_container=&#8221;tag:h3|text_align:left|color:%23ffffff&#8221; use_theme_fonts=&#8221;yes&#8221;][vc_column_text]<strong>Monday:<\/strong> Closed &#8211; A minimal service (single menu) is provided for guests staying at the hotel<br \/>\n<strong>Tuesday<\/strong>: 12:00 p.m.-2:00 p.m. \/ 7:30 p.m.-9:00 p.m.<br \/>\n<strong>Wednesday<\/strong>: 12:00 p.m.-2:00 p.m. \/ 7:30 p.m.-9:00 p.m.<br \/>\n<strong>Thursday<\/strong>: 12:00 p.m.-2:00 p.m. \/ 7:30 p.m.-9:00 p.m.<br \/>\n<strong>Friday<\/strong>: 12:00 p.m.-2:00 p.m. \/ 7:30 p.m.-9:00 p.m.<br \/>\n<strong>Saturday<\/strong>: Closed \/ 7:30-9:00 p.m.<br \/>\n<strong>Sunday<\/strong>: Closed[\/vc_column_text][nectar_btn size=&#8221;medium&#8221; button_style=&#8221;regular&#8221; button_color_2=&#8221;Accent-Color&#8221; color_override=&#8221;#ffffff&#8221; icon_family=&#8221;none&#8221; el_class=&#8221;btn-broch&#8221; url=&#8221;#&#8221; text=&#8221;+33 (0)5 59 39 70 70&#8243; margin_top=&#8221;25&#8243; margin_right=&#8221;25&#8243;][nectar_btn size=&#8221;medium&#8221; open_new_tab=&#8221;true&#8221; button_style=&#8221;regular&#8221; button_color_2=&#8221;Accent-Color&#8221; color_override=&#8221;#ffffff&#8221; icon_family=&#8221;none&#8221; el_class=&#8221;btn-broch&#8221; url=&#8221;https:\/\/www.alysson-hotel.fr\/wp-content\/uploads\/2025\/07\/08.07.25.png&#8221; text=&#8221;Consult the menu&#8221; margin_top=&#8221;25&#8243;][\/vc_column_inner][\/vc_row_inner][vc_gallery type=&#8221;flickity_style&#8221; images=&#8221;141,18,132,134,136,137,139,138,140,133&#8243; flickity_controls=&#8221;pagination&#8221; flickity_desktop_columns=&#8221;3&#8243; flickity_small_desktop_columns=&#8221;1&#8243; flickity_tablet_columns=&#8221;1&#8243; flickity_box_shadow=&#8221;none&#8221; onclick=&#8221;link_no&#8221; css=&#8221;.vc_custom_1588589939594{margin-bottom: 100px !important;}&#8221;][\/vc_column][\/vc_row]\n","protected":false},"excerpt":{"rendered":"<p>[vc_row type=&#8221;full_width_background&#8221; full_screen_row_position=&#8221;middle&#8221; bg_image=&#8221;133&#8243; bg_position=&#8221;center bottom&#8221; bg_repeat=&#8221;no-repeat&#8221; scene_position=&#8221;center&#8221; text_color=&#8221;light&#8221; text_align=&#8221;center&#8221; top_padding=&#8221;15%&#8221; bottom_padding=&#8221;4%&#8221; class=&#8221;inner-head&#8221; color_overlay=&#8221;#0a0a0a&#8221; overlay_strength=&#8221;0.3&#8243; shape_divider_position=&#8221;bottom&#8221; shape_type=&#8221;&#8221;][vc_column column_padding=&#8221;no-extra-padding&#8221; column_padding_position=&#8221;all&#8221; background_color_opacity=&#8221;1&#8243; background_hover_color_opacity=&#8221;1&#8243; column_shadow=&#8221;none&#8221; column_border_radius=&#8221;none&#8221; width=&#8221;1\/1&#8243; tablet_text_alignment=&#8221;default&#8221; phone_text_alignment=&#8221;default&#8221; column_border_width=&#8221;none&#8221; column_border_style=&#8221;solid&#8221;][vc_custom_heading text=&#8221;Restaurant &amp;&#8230;<\/p>\n","protected":false},"author":1,"featured_media":0,"parent":0,"menu_order":0,"comment_status":"closed","ping_status":"closed","template":"","meta":{"footnotes":""},"class_list":["post-835","page","type-page","status-publish"],"yoast_head":"<!-- This site is optimized with the Yoast SEO plugin v26.3 - https:\/\/yoast.com\/wordpress\/plugins\/seo\/ -->\n<title>Restaurant Bar Oloron - Hotel Alysson at Oloron Sainte Marie<\/title>\n<meta name=\"description\" content=\"Discover the cuisine of our restaurant bar in Oloron Sainte Marie. With the same concern for the quality of products and service, in a beautiful glazed room.\" \/>\n<meta name=\"robots\" content=\"index, follow, max-snippet:-1, max-image-preview:large, max-video-preview:-1\" \/>\n<link rel=\"canonical\" href=\"https:\/\/www.alysson-hotel.fr\/en\/restaurant-bar-oloron\/\" \/>\n<meta property=\"og:locale\" content=\"en_US\" \/>\n<meta property=\"og:type\" content=\"article\" \/>\n<meta property=\"og:title\" content=\"Restaurant Bar Oloron - Hotel Alysson at Oloron Sainte Marie\" \/>\n<meta property=\"og:description\" content=\"Discover the cuisine of our restaurant bar in Oloron Sainte Marie. With the same concern for the quality of products and service, in a beautiful glazed room.\" \/>\n<meta property=\"og:url\" content=\"https:\/\/www.alysson-hotel.fr\/en\/restaurant-bar-oloron\/\" \/>\n<meta property=\"og:site_name\" content=\"Alysson H\u00f4tel\" \/>\n<meta property=\"article:modified_time\" content=\"2025-07-14T15:19:39+00:00\" \/>\n<meta name=\"twitter:card\" content=\"summary_large_image\" \/>\n<meta name=\"twitter:label1\" content=\"Est. reading time\" \/>\n\t<meta name=\"twitter:data1\" content=\"2 minutes\" \/>\n<script type=\"application\/ld+json\" class=\"yoast-schema-graph\">{\"@context\":\"https:\/\/schema.org\",\"@graph\":[{\"@type\":\"WebPage\",\"@id\":\"https:\/\/www.alysson-hotel.fr\/en\/restaurant-bar-oloron\/\",\"url\":\"https:\/\/www.alysson-hotel.fr\/en\/restaurant-bar-oloron\/\",\"name\":\"Restaurant Bar Oloron - Hotel Alysson at Oloron Sainte Marie\",\"isPartOf\":{\"@id\":\"https:\/\/www.alysson-hotel.fr\/#website\"},\"datePublished\":\"2022-10-12T07:10:37+00:00\",\"dateModified\":\"2025-07-14T15:19:39+00:00\",\"description\":\"Discover the cuisine of our restaurant bar in Oloron Sainte Marie. With the same concern for the quality of products and service, in a beautiful glazed room.\",\"breadcrumb\":{\"@id\":\"https:\/\/www.alysson-hotel.fr\/en\/restaurant-bar-oloron\/#breadcrumb\"},\"inLanguage\":\"en-US\",\"potentialAction\":[{\"@type\":\"ReadAction\",\"target\":[\"https:\/\/www.alysson-hotel.fr\/en\/restaurant-bar-oloron\/\"]}]},{\"@type\":\"BreadcrumbList\",\"@id\":\"https:\/\/www.alysson-hotel.fr\/en\/restaurant-bar-oloron\/#breadcrumb\",\"itemListElement\":[{\"@type\":\"ListItem\",\"position\":1,\"name\":\"Accueil\",\"item\":\"https:\/\/www.alysson-hotel.fr\/en\/\"},{\"@type\":\"ListItem\",\"position\":2,\"name\":\"Restaurant &amp; Bar Oloron\"}]},{\"@type\":\"WebSite\",\"@id\":\"https:\/\/www.alysson-hotel.fr\/#website\",\"url\":\"https:\/\/www.alysson-hotel.fr\/\",\"name\":\"Alysson H\u00f4tel\",\"description\":\"H\u00f4tel de standing \u00e0 Oloron-Sainte-Marie\",\"potentialAction\":[{\"@type\":\"SearchAction\",\"target\":{\"@type\":\"EntryPoint\",\"urlTemplate\":\"https:\/\/www.alysson-hotel.fr\/?s={search_term_string}\"},\"query-input\":{\"@type\":\"PropertyValueSpecification\",\"valueRequired\":true,\"valueName\":\"search_term_string\"}}],\"inLanguage\":\"en-US\"}]}<\/script>\n<!-- \/ Yoast SEO plugin. -->","yoast_head_json":{"title":"Restaurant Bar Oloron - Hotel Alysson at Oloron Sainte Marie","description":"Discover the cuisine of our restaurant bar in Oloron Sainte Marie. With the same concern for the quality of products and service, in a beautiful glazed room.","robots":{"index":"index","follow":"follow","max-snippet":"max-snippet:-1","max-image-preview":"max-image-preview:large","max-video-preview":"max-video-preview:-1"},"canonical":"https:\/\/www.alysson-hotel.fr\/en\/restaurant-bar-oloron\/","og_locale":"en_US","og_type":"article","og_title":"Restaurant Bar Oloron - Hotel Alysson at Oloron Sainte Marie","og_description":"Discover the cuisine of our restaurant bar in Oloron Sainte Marie. With the same concern for the quality of products and service, in a beautiful glazed room.","og_url":"https:\/\/www.alysson-hotel.fr\/en\/restaurant-bar-oloron\/","og_site_name":"Alysson H\u00f4tel","article_modified_time":"2025-07-14T15:19:39+00:00","twitter_card":"summary_large_image","twitter_misc":{"Est. reading time":"2 minutes"},"schema":{"@context":"https:\/\/schema.org","@graph":[{"@type":"WebPage","@id":"https:\/\/www.alysson-hotel.fr\/en\/restaurant-bar-oloron\/","url":"https:\/\/www.alysson-hotel.fr\/en\/restaurant-bar-oloron\/","name":"Restaurant Bar Oloron - Hotel Alysson at Oloron Sainte Marie","isPartOf":{"@id":"https:\/\/www.alysson-hotel.fr\/#website"},"datePublished":"2022-10-12T07:10:37+00:00","dateModified":"2025-07-14T15:19:39+00:00","description":"Discover the cuisine of our restaurant bar in Oloron Sainte Marie. With the same concern for the quality of products and service, in a beautiful glazed room.","breadcrumb":{"@id":"https:\/\/www.alysson-hotel.fr\/en\/restaurant-bar-oloron\/#breadcrumb"},"inLanguage":"en-US","potentialAction":[{"@type":"ReadAction","target":["https:\/\/www.alysson-hotel.fr\/en\/restaurant-bar-oloron\/"]}]},{"@type":"BreadcrumbList","@id":"https:\/\/www.alysson-hotel.fr\/en\/restaurant-bar-oloron\/#breadcrumb","itemListElement":[{"@type":"ListItem","position":1,"name":"Accueil","item":"https:\/\/www.alysson-hotel.fr\/en\/"},{"@type":"ListItem","position":2,"name":"Restaurant &amp; Bar Oloron"}]},{"@type":"WebSite","@id":"https:\/\/www.alysson-hotel.fr\/#website","url":"https:\/\/www.alysson-hotel.fr\/","name":"Alysson H\u00f4tel","description":"H\u00f4tel de standing \u00e0 Oloron-Sainte-Marie","potentialAction":[{"@type":"SearchAction","target":{"@type":"EntryPoint","urlTemplate":"https:\/\/www.alysson-hotel.fr\/?s={search_term_string}"},"query-input":{"@type":"PropertyValueSpecification","valueRequired":true,"valueName":"search_term_string"}}],"inLanguage":"en-US"}]}},"_links":{"self":[{"href":"https:\/\/www.alysson-hotel.fr\/en\/wp-json\/wp\/v2\/pages\/835","targetHints":{"allow":["GET"]}}],"collection":[{"href":"https:\/\/www.alysson-hotel.fr\/en\/wp-json\/wp\/v2\/pages"}],"about":[{"href":"https:\/\/www.alysson-hotel.fr\/en\/wp-json\/wp\/v2\/types\/page"}],"author":[{"embeddable":true,"href":"https:\/\/www.alysson-hotel.fr\/en\/wp-json\/wp\/v2\/users\/1"}],"replies":[{"embeddable":true,"href":"https:\/\/www.alysson-hotel.fr\/en\/wp-json\/wp\/v2\/comments?post=835"}],"version-history":[{"count":16,"href":"https:\/\/www.alysson-hotel.fr\/en\/wp-json\/wp\/v2\/pages\/835\/revisions"}],"predecessor-version":[{"id":1465,"href":"https:\/\/www.alysson-hotel.fr\/en\/wp-json\/wp\/v2\/pages\/835\/revisions\/1465"}],"wp:attachment":[{"href":"https:\/\/www.alysson-hotel.fr\/en\/wp-json\/wp\/v2\/media?parent=835"}],"curies":[{"name":"wp","href":"https:\/\/api.w.org\/{rel}","templated":true}]}}