{"id":841,"date":"2022-10-12T09:12:29","date_gmt":"2022-10-12T07:12:29","guid":{"rendered":"https:\/\/www.alysson-hotel.fr\/seminar-in-oloron-sainte-marie\/"},"modified":"2022-10-22T18:31:16","modified_gmt":"2022-10-22T16:31:16","slug":"seminar-in-oloron-sainte-marie","status":"publish","type":"page","link":"https:\/\/www.alysson-hotel.fr\/en\/seminar-in-oloron-sainte-marie\/","title":{"rendered":"Seminar in Oloron Sainte Marie"},"content":{"rendered":"[vc_row type=&#8221;full_width_background&#8221; full_screen_row_position=&#8221;middle&#8221; bg_image=&#8221;740&#8243; bg_position=&#8221;center center&#8221; bg_repeat=&#8221;no-repeat&#8221; scene_position=&#8221;center&#8221; text_color=&#8221;light&#8221; text_align=&#8221;center&#8221; top_padding=&#8221;15%&#8221; bottom_padding=&#8221;4%&#8221; class=&#8221;inner-head&#8221; color_overlay=&#8221;#0a0a0a&#8221; overlay_strength=&#8221;0.3&#8243; shape_divider_position=&#8221;bottom&#8221; shape_type=&#8221;&#8221;][vc_column column_padding=&#8221;no-extra-padding&#8221; column_padding_position=&#8221;all&#8221; background_color_opacity=&#8221;1&#8243; background_hover_color_opacity=&#8221;1&#8243; column_shadow=&#8221;none&#8221; column_border_radius=&#8221;none&#8221; width=&#8221;1\/1&#8243; tablet_text_alignment=&#8221;default&#8221; phone_text_alignment=&#8221;default&#8221; column_border_width=&#8221;none&#8221; column_border_style=&#8221;solid&#8221;][vc_custom_heading text=&#8221;Seminars&#8221; font_container=&#8221;tag:h1|text_align:center|color:%23ffffff&#8221; use_theme_fonts=&#8221;yes&#8221;][\/vc_column][\/vc_row][vc_row type=&#8221;full_width_background&#8221; full_screen_row_position=&#8221;middle&#8221; scene_position=&#8221;center&#8221; text_color=&#8221;dark&#8221; text_align=&#8221;left&#8221; top_padding=&#8221;4%&#8221; id=&#8221;chambres&#8221; overlay_strength=&#8221;0.3&#8243; shape_divider_position=&#8221;bottom&#8221; shape_type=&#8221;&#8221;][vc_column enable_animation=&#8221;true&#8221; animation=&#8221;fade-in-from-bottom&#8221; column_padding=&#8221;no-extra-padding&#8221; column_padding_position=&#8221;all&#8221; background_color_opacity=&#8221;1&#8243; background_hover_color_opacity=&#8221;1&#8243; column_shadow=&#8221;none&#8221; column_border_radius=&#8221;none&#8221; width=&#8221;2\/3&#8243; tablet_text_alignment=&#8221;default&#8221; phone_text_alignment=&#8221;default&#8221; column_border_width=&#8221;none&#8221; column_border_style=&#8221;solid&#8221; delay=&#8221;100&#8243;][vc_column_text css=&#8221;.vc_custom_1594885403038{margin-bottom: 50px !important;}&#8221;]\n<p class=\"seo-keyword\">seminaire oloron<\/p>\n[\/vc_column_text][vc_custom_heading text=&#8221;Team Building or Seminars&#8221; use_theme_fonts=&#8221;yes&#8221;][divider line_type=&#8221;Small Line&#8221; line_thickness=&#8221;3&#8243; divider_color=&#8221;accent-color&#8221; animate=&#8221;yes&#8221; custom_height=&#8221;40&#8243; custom_line_width=&#8221;5%&#8221; delay=&#8221;100&#8243;][vc_column_text css=&#8221;.vc_custom_1594885770275{margin-bottom: 50px !important;}&#8221;]For Team-Building or Seminars, supervised by professionals, you will enjoy <a href=\"https:\/\/www.alysson-hotel.fr\/en\/tourism\/bike-stays\/\">outdoor activities<\/a> in magnificent mountain landscapes (4\u00d74, quad, rafting, hiking, fishing, etc.) and we will also be able to help you discover our beautiful values. of the terroir (tasting of <a href=\"https:\/\/fr.wikipedia.org\/wiki\/Juran%C3%A7on_(AOC)\" target=\"_blank\" rel=\"noopener noreferrer\">Juran\u00e7on<\/a> wine, visit to salting room, weaving workshop, etc.).[\/vc_column_text][vc_custom_heading text=&#8221;We take care of the organization<br \/>\nof all your leisure&#8221; use_theme_fonts=&#8221;yes&#8221;][divider line_type=&#8221;Small Line&#8221; line_thickness=&#8221;3&#8243; divider_color=&#8221;accent-color&#8221; animate=&#8221;yes&#8221; custom_height=&#8221;40&#8243; custom_line_width=&#8221;5%&#8221; delay=&#8221;100&#8243;][vc_column_text css=&#8221;.vc_custom_1582564590852{margin-bottom: 50px !important;}&#8221;]Pelota tournament with trophy presentation and berets offered to all participants<br \/>\nRafting (departure from the hotel).<br \/>\nQuad and 4X4 a few kilometers from us.[\/vc_column_text][vc_column_text css=&#8221;.vc_custom_1594885403038{margin-bottom: 50px !important;}&#8221;]\n<p class=\"seo-keyword\">seminaire oloron<\/p>\n[\/vc_column_text][vc_gallery type=&#8221;flickity_style&#8221; images=&#8221;740,742&#8243; flickity_controls=&#8221;pagination&#8221; flickity_desktop_columns=&#8221;1&#8243; flickity_small_desktop_columns=&#8221;1&#8243; flickity_tablet_columns=&#8221;1&#8243; flickity_box_shadow=&#8221;none&#8221; onclick=&#8221;link_no&#8221;][\/vc_column][vc_column enable_animation=&#8221;true&#8221; animation=&#8221;fade-in-from-right&#8221; column_padding=&#8221;padding-2-percent&#8221; column_padding_position=&#8221;all&#8221; background_color=&#8221;#e2b55d&#8221; background_color_opacity=&#8221;1&#8243; background_hover_color_opacity=&#8221;1&#8243; font_color=&#8221;#ffffff&#8221; column_shadow=&#8221;small_depth&#8221; column_border_radius=&#8221;none&#8221; bottom_margin=&#8221;75&#8243; width=&#8221;1\/3&#8243; tablet_text_alignment=&#8221;default&#8221; phone_text_alignment=&#8221;default&#8221; column_border_width=&#8221;none&#8221; column_border_style=&#8221;solid&#8221; delay=&#8221;300&#8243;][vc_custom_heading text=&#8221;We favored&#8221; font_container=&#8221;tag:h3|text_align:left|color:%23ffffff&#8221; use_theme_fonts=&#8221;yes&#8221;][vc_column_text css=&#8221;.vc_custom_1582564486474{margin-top: 25px !important;margin-bottom: 25px !important;}&#8221;]\n<ul>\n<li>The Pitch (rooms with large bay windows facing the Pyrenees, green setting and large sunny terrace)<\/li>\n<li>Comfort (air conditioning, indirect lighting, adapted furniture)<\/li>\n<li>Diversity by knowing how to combine work and relaxation.<\/li>\n<\/ul>\n[\/vc_column_text][nectar_btn size=&#8221;medium&#8221; open_new_tab=&#8221;true&#8221; button_style=&#8221;regular&#8221; button_color_2=&#8221;Accent-Color&#8221; color_override=&#8221;#ffffff&#8221; icon_family=&#8221;none&#8221; el_class=&#8221;btn-broch&#8221; url=&#8221;\/wp-content\/uploads\/2020\/02\/Brochure-Alysson-H\u00f4tel-Restaurant-Le-Pastoral.pdf&#8221; text=&#8221;Download brochure&#8221;][\/vc_column][\/vc_row]\n","protected":false},"excerpt":{"rendered":"<p>[vc_row type=&#8221;full_width_background&#8221; full_screen_row_position=&#8221;middle&#8221; bg_image=&#8221;740&#8243; bg_position=&#8221;center center&#8221; bg_repeat=&#8221;no-repeat&#8221; scene_position=&#8221;center&#8221; text_color=&#8221;light&#8221; text_align=&#8221;center&#8221; top_padding=&#8221;15%&#8221; bottom_padding=&#8221;4%&#8221; class=&#8221;inner-head&#8221; color_overlay=&#8221;#0a0a0a&#8221; overlay_strength=&#8221;0.3&#8243; shape_divider_position=&#8221;bottom&#8221; shape_type=&#8221;&#8221;][vc_column column_padding=&#8221;no-extra-padding&#8221; column_padding_position=&#8221;all&#8221; background_color_opacity=&#8221;1&#8243; background_hover_color_opacity=&#8221;1&#8243; column_shadow=&#8221;none&#8221; column_border_radius=&#8221;none&#8221; width=&#8221;1\/1&#8243; tablet_text_alignment=&#8221;default&#8221; phone_text_alignment=&#8221;default&#8221; column_border_width=&#8221;none&#8221; column_border_style=&#8221;solid&#8221;][vc_custom_heading text=&#8221;Seminars&#8221; font_container=&#8221;tag:h1|text_align:center|color:%23ffffff&#8221;&#8230;<\/p>\n","protected":false},"author":1,"featured_media":0,"parent":0,"menu_order":0,"comment_status":"closed","ping_status":"closed","template":"","meta":{"footnotes":""},"class_list":["post-841","page","type-page","status-publish"],"yoast_head":"<!-- This site is optimized with the Yoast SEO plugin v26.3 - https:\/\/yoast.com\/wordpress\/plugins\/seo\/ -->\n<title>Seminaire Oloron - Alysson H\u00f4tel - R\u00e9alisez vos seminaire \u00e0 Oloron<\/title>\n<meta name=\"description\" content=\"For Team-Building or Seminar in Oloron, supervised by professionals, you will enjoy outdoor activities in magnificent mountain landscapes\" \/>\n<meta name=\"robots\" content=\"index, follow, max-snippet:-1, max-image-preview:large, max-video-preview:-1\" \/>\n<link rel=\"canonical\" href=\"https:\/\/www.alysson-hotel.fr\/en\/seminar-in-oloron-sainte-marie\/\" \/>\n<meta property=\"og:locale\" content=\"en_US\" \/>\n<meta property=\"og:type\" content=\"article\" \/>\n<meta property=\"og:title\" content=\"Seminaire Oloron - Alysson H\u00f4tel - R\u00e9alisez vos seminaire \u00e0 Oloron\" \/>\n<meta property=\"og:description\" content=\"For Team-Building or Seminar in Oloron, supervised by professionals, you will enjoy outdoor activities in magnificent mountain landscapes\" \/>\n<meta property=\"og:url\" content=\"https:\/\/www.alysson-hotel.fr\/en\/seminar-in-oloron-sainte-marie\/\" \/>\n<meta property=\"og:site_name\" content=\"Alysson H\u00f4tel\" \/>\n<meta property=\"article:modified_time\" content=\"2022-10-22T16:31:16+00:00\" \/>\n<meta name=\"twitter:card\" content=\"summary_large_image\" \/>\n<meta name=\"twitter:label1\" content=\"Est. reading time\" \/>\n\t<meta name=\"twitter:data1\" content=\"2 minutes\" \/>\n<script type=\"application\/ld+json\" class=\"yoast-schema-graph\">{\"@context\":\"https:\/\/schema.org\",\"@graph\":[{\"@type\":\"WebPage\",\"@id\":\"https:\/\/www.alysson-hotel.fr\/en\/seminar-in-oloron-sainte-marie\/\",\"url\":\"https:\/\/www.alysson-hotel.fr\/en\/seminar-in-oloron-sainte-marie\/\",\"name\":\"Seminaire Oloron - Alysson H\u00f4tel - R\u00e9alisez vos seminaire \u00e0 Oloron\",\"isPartOf\":{\"@id\":\"https:\/\/www.alysson-hotel.fr\/#website\"},\"datePublished\":\"2022-10-12T07:12:29+00:00\",\"dateModified\":\"2022-10-22T16:31:16+00:00\",\"description\":\"For Team-Building or Seminar in Oloron, supervised by professionals, you will enjoy outdoor activities in magnificent mountain landscapes\",\"breadcrumb\":{\"@id\":\"https:\/\/www.alysson-hotel.fr\/en\/seminar-in-oloron-sainte-marie\/#breadcrumb\"},\"inLanguage\":\"en-US\",\"potentialAction\":[{\"@type\":\"ReadAction\",\"target\":[\"https:\/\/www.alysson-hotel.fr\/en\/seminar-in-oloron-sainte-marie\/\"]}]},{\"@type\":\"BreadcrumbList\",\"@id\":\"https:\/\/www.alysson-hotel.fr\/en\/seminar-in-oloron-sainte-marie\/#breadcrumb\",\"itemListElement\":[{\"@type\":\"ListItem\",\"position\":1,\"name\":\"Accueil\",\"item\":\"https:\/\/www.alysson-hotel.fr\/en\/\"},{\"@type\":\"ListItem\",\"position\":2,\"name\":\"Seminar in Oloron Sainte Marie\"}]},{\"@type\":\"WebSite\",\"@id\":\"https:\/\/www.alysson-hotel.fr\/#website\",\"url\":\"https:\/\/www.alysson-hotel.fr\/\",\"name\":\"Alysson H\u00f4tel\",\"description\":\"H\u00f4tel de standing \u00e0 Oloron-Sainte-Marie\",\"potentialAction\":[{\"@type\":\"SearchAction\",\"target\":{\"@type\":\"EntryPoint\",\"urlTemplate\":\"https:\/\/www.alysson-hotel.fr\/?s={search_term_string}\"},\"query-input\":{\"@type\":\"PropertyValueSpecification\",\"valueRequired\":true,\"valueName\":\"search_term_string\"}}],\"inLanguage\":\"en-US\"}]}<\/script>\n<!-- \/ Yoast SEO plugin. -->","yoast_head_json":{"title":"Seminaire Oloron - Alysson H\u00f4tel - R\u00e9alisez vos seminaire \u00e0 Oloron","description":"For Team-Building or Seminar in Oloron, supervised by professionals, you will enjoy outdoor activities in magnificent mountain landscapes","robots":{"index":"index","follow":"follow","max-snippet":"max-snippet:-1","max-image-preview":"max-image-preview:large","max-video-preview":"max-video-preview:-1"},"canonical":"https:\/\/www.alysson-hotel.fr\/en\/seminar-in-oloron-sainte-marie\/","og_locale":"en_US","og_type":"article","og_title":"Seminaire Oloron - Alysson H\u00f4tel - R\u00e9alisez vos seminaire \u00e0 Oloron","og_description":"For Team-Building or Seminar in Oloron, supervised by professionals, you will enjoy outdoor activities in magnificent mountain landscapes","og_url":"https:\/\/www.alysson-hotel.fr\/en\/seminar-in-oloron-sainte-marie\/","og_site_name":"Alysson H\u00f4tel","article_modified_time":"2022-10-22T16:31:16+00:00","twitter_card":"summary_large_image","twitter_misc":{"Est. reading time":"2 minutes"},"schema":{"@context":"https:\/\/schema.org","@graph":[{"@type":"WebPage","@id":"https:\/\/www.alysson-hotel.fr\/en\/seminar-in-oloron-sainte-marie\/","url":"https:\/\/www.alysson-hotel.fr\/en\/seminar-in-oloron-sainte-marie\/","name":"Seminaire Oloron - Alysson H\u00f4tel - R\u00e9alisez vos seminaire \u00e0 Oloron","isPartOf":{"@id":"https:\/\/www.alysson-hotel.fr\/#website"},"datePublished":"2022-10-12T07:12:29+00:00","dateModified":"2022-10-22T16:31:16+00:00","description":"For Team-Building or Seminar in Oloron, supervised by professionals, you will enjoy outdoor activities in magnificent mountain landscapes","breadcrumb":{"@id":"https:\/\/www.alysson-hotel.fr\/en\/seminar-in-oloron-sainte-marie\/#breadcrumb"},"inLanguage":"en-US","potentialAction":[{"@type":"ReadAction","target":["https:\/\/www.alysson-hotel.fr\/en\/seminar-in-oloron-sainte-marie\/"]}]},{"@type":"BreadcrumbList","@id":"https:\/\/www.alysson-hotel.fr\/en\/seminar-in-oloron-sainte-marie\/#breadcrumb","itemListElement":[{"@type":"ListItem","position":1,"name":"Accueil","item":"https:\/\/www.alysson-hotel.fr\/en\/"},{"@type":"ListItem","position":2,"name":"Seminar in Oloron Sainte Marie"}]},{"@type":"WebSite","@id":"https:\/\/www.alysson-hotel.fr\/#website","url":"https:\/\/www.alysson-hotel.fr\/","name":"Alysson H\u00f4tel","description":"H\u00f4tel de standing \u00e0 Oloron-Sainte-Marie","potentialAction":[{"@type":"SearchAction","target":{"@type":"EntryPoint","urlTemplate":"https:\/\/www.alysson-hotel.fr\/?s={search_term_string}"},"query-input":{"@type":"PropertyValueSpecification","valueRequired":true,"valueName":"search_term_string"}}],"inLanguage":"en-US"}]}},"_links":{"self":[{"href":"https:\/\/www.alysson-hotel.fr\/en\/wp-json\/wp\/v2\/pages\/841","targetHints":{"allow":["GET"]}}],"collection":[{"href":"https:\/\/www.alysson-hotel.fr\/en\/wp-json\/wp\/v2\/pages"}],"about":[{"href":"https:\/\/www.alysson-hotel.fr\/en\/wp-json\/wp\/v2\/types\/page"}],"author":[{"embeddable":true,"href":"https:\/\/www.alysson-hotel.fr\/en\/wp-json\/wp\/v2\/users\/1"}],"replies":[{"embeddable":true,"href":"https:\/\/www.alysson-hotel.fr\/en\/wp-json\/wp\/v2\/comments?post=841"}],"version-history":[{"count":10,"href":"https:\/\/www.alysson-hotel.fr\/en\/wp-json\/wp\/v2\/pages\/841\/revisions"}],"predecessor-version":[{"id":947,"href":"https:\/\/www.alysson-hotel.fr\/en\/wp-json\/wp\/v2\/pages\/841\/revisions\/947"}],"wp:attachment":[{"href":"https:\/\/www.alysson-hotel.fr\/en\/wp-json\/wp\/v2\/media?parent=841"}],"curies":[{"name":"wp","href":"https:\/\/api.w.org\/{rel}","templated":true}]}}