{"id":855,"date":"2022-10-12T09:15:39","date_gmt":"2022-10-12T07:15:39","guid":{"rendered":"https:\/\/www.alysson-hotel.fr\/tourism\/hikes-walks\/"},"modified":"2022-10-12T09:34:50","modified_gmt":"2022-10-12T07:34:50","slug":"hikes-walks","status":"publish","type":"page","link":"https:\/\/www.alysson-hotel.fr\/en\/tourism\/hikes-walks\/","title":{"rendered":"Hikes &amp; Walks"},"content":{"rendered":"[vc_row type=&#8221;full_width_background&#8221; full_screen_row_position=&#8221;middle&#8221; bg_image=&#8221;274&#8243; bg_position=&#8221;center center&#8221; bg_repeat=&#8221;no-repeat&#8221; scene_position=&#8221;center&#8221; text_color=&#8221;light&#8221; text_align=&#8221;center&#8221; top_padding=&#8221;15%&#8221; bottom_padding=&#8221;4%&#8221; class=&#8221;inner-head&#8221; color_overlay=&#8221;#0a0a0a&#8221; overlay_strength=&#8221;0.3&#8243; shape_divider_position=&#8221;bottom&#8221; shape_type=&#8221;&#8221;][vc_column column_padding=&#8221;no-extra-padding&#8221; column_padding_position=&#8221;all&#8221; background_color_opacity=&#8221;1&#8243; background_hover_color_opacity=&#8221;1&#8243; column_shadow=&#8221;none&#8221; column_border_radius=&#8221;none&#8221; width=&#8221;1\/1&#8243; tablet_text_alignment=&#8221;default&#8221; phone_text_alignment=&#8221;default&#8221; column_border_width=&#8221;none&#8221; column_border_style=&#8221;solid&#8221;][vc_custom_heading text=&#8221;Hikes &amp; Walks&#8221; font_container=&#8221;tag:h1|text_align:center|color:%23ffffff&#8221; use_theme_fonts=&#8221;yes&#8221;][\/vc_column][\/vc_row][vc_row type=&#8221;full_width_background&#8221; full_screen_row_position=&#8221;middle&#8221; scene_position=&#8221;center&#8221; text_color=&#8221;dark&#8221; text_align=&#8221;left&#8221; top_padding=&#8221;4%&#8221; id=&#8221;chambres&#8221; overlay_strength=&#8221;0.3&#8243; shape_divider_position=&#8221;bottom&#8221; shape_type=&#8221;&#8221;][vc_column enable_animation=&#8221;true&#8221; animation=&#8221;fade-in-from-bottom&#8221; column_padding=&#8221;no-extra-padding&#8221; column_padding_position=&#8221;all&#8221; background_color_opacity=&#8221;1&#8243; background_hover_color_opacity=&#8221;1&#8243; column_shadow=&#8221;none&#8221; column_border_radius=&#8221;none&#8221; width=&#8221;1\/1&#8243; tablet_text_alignment=&#8221;default&#8221; phone_text_alignment=&#8221;default&#8221; column_border_width=&#8221;none&#8221; column_border_style=&#8221;solid&#8221; delay=&#8221;100&#8243;][vc_custom_heading text=&#8221;Raft, bike rides, and many more&#8221; use_theme_fonts=&#8221;yes&#8221;][divider line_type=&#8221;Small Line&#8221; line_thickness=&#8221;3&#8243; divider_color=&#8221;accent-color&#8221; animate=&#8221;yes&#8221; custom_height=&#8221;40&#8243; custom_line_width=&#8221;5%&#8221; delay=&#8221;100&#8243;][vc_column_text]For your leisure, or to enhance your seminars, many activities are offered on site or near the hotel.<\/p>\n<p>For cyclists, many passes are a few kilometers away&#8230;[\/vc_column_text][vc_row_inner column_margin=&#8221;default&#8221; top_padding=&#8221;50&#8243; bottom_padding=&#8221;50&#8243; text_align=&#8221;left&#8221;][vc_column_inner column_padding=&#8221;no-extra-padding&#8221; column_padding_position=&#8221;all&#8221; background_color_opacity=&#8221;1&#8243; background_hover_color_opacity=&#8221;1&#8243; column_shadow=&#8221;none&#8221; column_border_radius=&#8221;none&#8221; width=&#8221;1\/3&#8243; column_border_width=&#8221;none&#8221; column_border_style=&#8221;solid&#8221;][fancy_box box_style=&#8221;default&#8221; icon_family=&#8221;none&#8221; image_url=&#8221;158&#8243; link_new_tab=&#8221;true&#8221; color=&#8221;Accent-Color&#8221; link_url=&#8221;https:\/\/www.pyrenees-bearnaises.com\/se-cultiver\/&#8221; link_text=&#8221;Go to the site&#8221; min_height=&#8221;100&#8243;]\n<h3>Oloron Sainte-Marie<\/h3>\n<p><span class=\"distance\"><i class=\"fas fa-road\"><\/i>0 kilometers<\/span>[\/fancy_box][\/vc_column_inner][vc_column_inner column_padding=&#8221;no-extra-padding&#8221; column_padding_position=&#8221;all&#8221; background_color_opacity=&#8221;1&#8243; background_hover_color_opacity=&#8221;1&#8243; column_shadow=&#8221;none&#8221; column_border_radius=&#8221;none&#8221; width=&#8221;1\/3&#8243; column_border_width=&#8221;none&#8221; column_border_style=&#8221;solid&#8221;][fancy_box box_style=&#8221;default&#8221; icon_family=&#8221;none&#8221; image_url=&#8221;161&#8243; link_new_tab=&#8221;true&#8221; color=&#8221;Accent-Color&#8221; link_url=&#8221;http:\/\/www.soeix.com\/&#8221; link_text=&#8221;Go to the site&#8221; min_height=&#8221;100&#8243;]\n<h3>Rafting in Oloron<\/h3>\n<p><span class=\"distance\"><i class=\"fas fa-road dist\"><\/i> 3 kilometers<\/span>[\/fancy_box][\/vc_column_inner][vc_column_inner column_padding=&#8221;no-extra-padding&#8221; column_padding_position=&#8221;all&#8221; background_color_opacity=&#8221;1&#8243; background_hover_color_opacity=&#8221;1&#8243; column_shadow=&#8221;none&#8221; column_border_radius=&#8221;none&#8221; width=&#8221;1\/3&#8243; column_border_width=&#8221;none&#8221; column_border_style=&#8221;solid&#8221;][fancy_box box_style=&#8221;default&#8221; icon_family=&#8221;none&#8221; image_url=&#8221;163&#8243; link_new_tab=&#8221;true&#8221; color=&#8221;Accent-Color&#8221; link_url=&#8221;https:\/\/www.pyrenees-bearnaises.com\/explorer\/nature\/&#8221; link_text=&#8221;Go to the site&#8221; min_height=&#8221;100&#8243;]\n<h3>Valley of Aspe and Bar\u00e9tous<\/h3>\n<p><span class=\"distance\"><i class=\"fas fa-road dist\"><\/i> 5 kilometers<\/span>[\/fancy_box][\/vc_column_inner][\/vc_row_inner][vc_row_inner column_margin=&#8221;default&#8221; top_padding=&#8221;50&#8243; bottom_padding=&#8221;50&#8243; text_align=&#8221;left&#8221;][vc_column_inner column_padding=&#8221;no-extra-padding&#8221; column_padding_position=&#8221;all&#8221; background_color_opacity=&#8221;1&#8243; background_hover_color_opacity=&#8221;1&#8243; column_shadow=&#8221;none&#8221; column_border_radius=&#8221;none&#8221; width=&#8221;1\/3&#8243; column_border_width=&#8221;none&#8221; column_border_style=&#8221;solid&#8221;][fancy_box box_style=&#8221;default&#8221; icon_family=&#8221;none&#8221; image_url=&#8221;160&#8243; link_new_tab=&#8221;true&#8221; color=&#8221;Accent-Color&#8221; link_url=&#8221;http:\/\/www.valleedossau-tourisme.com\/&#8221; link_text=&#8221;Go to the site&#8221; min_height=&#8221;100&#8243;]\n<h3>Ossau Valley<\/h3>\n<p><span class=\"distance\"><i class=\"fas fa-road\"><\/i>20 kilometers<\/span>[\/fancy_box][\/vc_column_inner][vc_column_inner column_padding=&#8221;no-extra-padding&#8221; column_padding_position=&#8221;all&#8221; background_color_opacity=&#8221;1&#8243; background_hover_color_opacity=&#8221;1&#8243; column_shadow=&#8221;none&#8221; column_border_radius=&#8221;none&#8221; width=&#8221;1\/3&#8243; column_border_width=&#8221;none&#8221; column_border_style=&#8221;solid&#8221;][fancy_box box_style=&#8221;default&#8221; icon_family=&#8221;none&#8221; image_url=&#8221;159&#8243; link_new_tab=&#8221;true&#8221; color=&#8221;Accent-Color&#8221; link_url=&#8221;https:\/\/www.pau.fr\/accueil&#8221; link_text=&#8221;Go to the site&#8221; min_height=&#8221;100&#8243;]\n<h3>Pau Castle<\/h3>\n<p><span class=\"distance\"><i class=\"fas fa-road dist\"><\/i> 36 kilometers<\/span>[\/fancy_box][\/vc_column_inner][vc_column_inner column_padding=&#8221;no-extra-padding&#8221; column_padding_position=&#8221;all&#8221; background_color_opacity=&#8221;1&#8243; background_hover_color_opacity=&#8221;1&#8243; column_shadow=&#8221;none&#8221; column_border_radius=&#8221;none&#8221; width=&#8221;1\/3&#8243; column_border_width=&#8221;none&#8221; column_border_style=&#8221;solid&#8221;][\/vc_column_inner][\/vc_row_inner][\/vc_column][\/vc_row]\n","protected":false},"excerpt":{"rendered":"<p>[vc_row type=&#8221;full_width_background&#8221; full_screen_row_position=&#8221;middle&#8221; bg_image=&#8221;274&#8243; bg_position=&#8221;center center&#8221; bg_repeat=&#8221;no-repeat&#8221; scene_position=&#8221;center&#8221; text_color=&#8221;light&#8221; text_align=&#8221;center&#8221; top_padding=&#8221;15%&#8221; bottom_padding=&#8221;4%&#8221; class=&#8221;inner-head&#8221; color_overlay=&#8221;#0a0a0a&#8221; overlay_strength=&#8221;0.3&#8243; shape_divider_position=&#8221;bottom&#8221; shape_type=&#8221;&#8221;][vc_column column_padding=&#8221;no-extra-padding&#8221; column_padding_position=&#8221;all&#8221; background_color_opacity=&#8221;1&#8243; background_hover_color_opacity=&#8221;1&#8243; column_shadow=&#8221;none&#8221; column_border_radius=&#8221;none&#8221; width=&#8221;1\/1&#8243; tablet_text_alignment=&#8221;default&#8221; phone_text_alignment=&#8221;default&#8221; column_border_width=&#8221;none&#8221; column_border_style=&#8221;solid&#8221;][vc_custom_heading text=&#8221;Hikes &amp;&#8230;<\/p>\n","protected":false},"author":1,"featured_media":0,"parent":851,"menu_order":0,"comment_status":"closed","ping_status":"closed","template":"","meta":{"footnotes":""},"class_list":["post-855","page","type-page","status-publish"],"yoast_head":"<!-- This site is optimized with the Yoast SEO plugin v26.3 - https:\/\/yoast.com\/wordpress\/plugins\/seo\/ -->\n<title>Hikes &amp; Walks - Alysson H\u00f4tel<\/title>\n<meta name=\"robots\" content=\"index, follow, max-snippet:-1, max-image-preview:large, max-video-preview:-1\" \/>\n<link rel=\"canonical\" href=\"https:\/\/www.alysson-hotel.fr\/en\/tourism\/hikes-walks\/\" \/>\n<meta property=\"og:locale\" content=\"en_US\" \/>\n<meta property=\"og:type\" content=\"article\" \/>\n<meta property=\"og:title\" content=\"Hikes &amp; Walks - Alysson H\u00f4tel\" \/>\n<meta property=\"og:description\" content=\"[vc_row type=&#8221;full_width_background&#8221; full_screen_row_position=&#8221;middle&#8221; bg_image=&#8221;274&#8243; bg_position=&#8221;center center&#8221; bg_repeat=&#8221;no-repeat&#8221; scene_position=&#8221;center&#8221; text_color=&#8221;light&#8221; text_align=&#8221;center&#8221; top_padding=&#8221;15%&#8221; bottom_padding=&#8221;4%&#8221; class=&#8221;inner-head&#8221; color_overlay=&#8221;#0a0a0a&#8221; overlay_strength=&#8221;0.3&#8243; shape_divider_position=&#8221;bottom&#8221; shape_type=&#8221;&#8221;][vc_column column_padding=&#8221;no-extra-padding&#8221; column_padding_position=&#8221;all&#8221; background_color_opacity=&#8221;1&#8243; background_hover_color_opacity=&#8221;1&#8243; column_shadow=&#8221;none&#8221; column_border_radius=&#8221;none&#8221; width=&#8221;1\/1&#8243; tablet_text_alignment=&#8221;default&#8221; phone_text_alignment=&#8221;default&#8221; column_border_width=&#8221;none&#8221; column_border_style=&#8221;solid&#8221;][vc_custom_heading text=&#8221;Hikes &amp;...\" \/>\n<meta property=\"og:url\" content=\"https:\/\/www.alysson-hotel.fr\/en\/tourism\/hikes-walks\/\" \/>\n<meta property=\"og:site_name\" content=\"Alysson H\u00f4tel\" \/>\n<meta property=\"article:modified_time\" content=\"2022-10-12T07:34:50+00:00\" \/>\n<meta name=\"twitter:card\" content=\"summary_large_image\" \/>\n<meta name=\"twitter:label1\" content=\"Est. reading time\" \/>\n\t<meta name=\"twitter:data1\" content=\"2 minutes\" \/>\n<script type=\"application\/ld+json\" class=\"yoast-schema-graph\">{\"@context\":\"https:\/\/schema.org\",\"@graph\":[{\"@type\":\"WebPage\",\"@id\":\"https:\/\/www.alysson-hotel.fr\/en\/tourism\/hikes-walks\/\",\"url\":\"https:\/\/www.alysson-hotel.fr\/en\/tourism\/hikes-walks\/\",\"name\":\"Hikes &amp; Walks - Alysson H\u00f4tel\",\"isPartOf\":{\"@id\":\"https:\/\/www.alysson-hotel.fr\/#website\"},\"datePublished\":\"2022-10-12T07:15:39+00:00\",\"dateModified\":\"2022-10-12T07:34:50+00:00\",\"breadcrumb\":{\"@id\":\"https:\/\/www.alysson-hotel.fr\/en\/tourism\/hikes-walks\/#breadcrumb\"},\"inLanguage\":\"en-US\",\"potentialAction\":[{\"@type\":\"ReadAction\",\"target\":[\"https:\/\/www.alysson-hotel.fr\/en\/tourism\/hikes-walks\/\"]}]},{\"@type\":\"BreadcrumbList\",\"@id\":\"https:\/\/www.alysson-hotel.fr\/en\/tourism\/hikes-walks\/#breadcrumb\",\"itemListElement\":[{\"@type\":\"ListItem\",\"position\":1,\"name\":\"Accueil\",\"item\":\"https:\/\/www.alysson-hotel.fr\/en\/\"},{\"@type\":\"ListItem\",\"position\":2,\"name\":\"Tourism\",\"item\":\"https:\/\/www.alysson-hotel.fr\/en\/tourism\/\"},{\"@type\":\"ListItem\",\"position\":3,\"name\":\"Hikes &amp; Walks\"}]},{\"@type\":\"WebSite\",\"@id\":\"https:\/\/www.alysson-hotel.fr\/#website\",\"url\":\"https:\/\/www.alysson-hotel.fr\/\",\"name\":\"Alysson H\u00f4tel\",\"description\":\"H\u00f4tel de standing \u00e0 Oloron-Sainte-Marie\",\"potentialAction\":[{\"@type\":\"SearchAction\",\"target\":{\"@type\":\"EntryPoint\",\"urlTemplate\":\"https:\/\/www.alysson-hotel.fr\/?s={search_term_string}\"},\"query-input\":{\"@type\":\"PropertyValueSpecification\",\"valueRequired\":true,\"valueName\":\"search_term_string\"}}],\"inLanguage\":\"en-US\"}]}<\/script>\n<!-- \/ Yoast SEO plugin. -->","yoast_head_json":{"title":"Hikes &amp; Walks - Alysson H\u00f4tel","robots":{"index":"index","follow":"follow","max-snippet":"max-snippet:-1","max-image-preview":"max-image-preview:large","max-video-preview":"max-video-preview:-1"},"canonical":"https:\/\/www.alysson-hotel.fr\/en\/tourism\/hikes-walks\/","og_locale":"en_US","og_type":"article","og_title":"Hikes &amp; Walks - Alysson H\u00f4tel","og_description":"[vc_row type=&#8221;full_width_background&#8221; full_screen_row_position=&#8221;middle&#8221; bg_image=&#8221;274&#8243; bg_position=&#8221;center center&#8221; bg_repeat=&#8221;no-repeat&#8221; scene_position=&#8221;center&#8221; text_color=&#8221;light&#8221; text_align=&#8221;center&#8221; top_padding=&#8221;15%&#8221; bottom_padding=&#8221;4%&#8221; class=&#8221;inner-head&#8221; color_overlay=&#8221;#0a0a0a&#8221; overlay_strength=&#8221;0.3&#8243; shape_divider_position=&#8221;bottom&#8221; shape_type=&#8221;&#8221;][vc_column column_padding=&#8221;no-extra-padding&#8221; column_padding_position=&#8221;all&#8221; background_color_opacity=&#8221;1&#8243; background_hover_color_opacity=&#8221;1&#8243; column_shadow=&#8221;none&#8221; column_border_radius=&#8221;none&#8221; width=&#8221;1\/1&#8243; tablet_text_alignment=&#8221;default&#8221; phone_text_alignment=&#8221;default&#8221; column_border_width=&#8221;none&#8221; column_border_style=&#8221;solid&#8221;][vc_custom_heading text=&#8221;Hikes &amp;...","og_url":"https:\/\/www.alysson-hotel.fr\/en\/tourism\/hikes-walks\/","og_site_name":"Alysson H\u00f4tel","article_modified_time":"2022-10-12T07:34:50+00:00","twitter_card":"summary_large_image","twitter_misc":{"Est. reading time":"2 minutes"},"schema":{"@context":"https:\/\/schema.org","@graph":[{"@type":"WebPage","@id":"https:\/\/www.alysson-hotel.fr\/en\/tourism\/hikes-walks\/","url":"https:\/\/www.alysson-hotel.fr\/en\/tourism\/hikes-walks\/","name":"Hikes &amp; Walks - Alysson H\u00f4tel","isPartOf":{"@id":"https:\/\/www.alysson-hotel.fr\/#website"},"datePublished":"2022-10-12T07:15:39+00:00","dateModified":"2022-10-12T07:34:50+00:00","breadcrumb":{"@id":"https:\/\/www.alysson-hotel.fr\/en\/tourism\/hikes-walks\/#breadcrumb"},"inLanguage":"en-US","potentialAction":[{"@type":"ReadAction","target":["https:\/\/www.alysson-hotel.fr\/en\/tourism\/hikes-walks\/"]}]},{"@type":"BreadcrumbList","@id":"https:\/\/www.alysson-hotel.fr\/en\/tourism\/hikes-walks\/#breadcrumb","itemListElement":[{"@type":"ListItem","position":1,"name":"Accueil","item":"https:\/\/www.alysson-hotel.fr\/en\/"},{"@type":"ListItem","position":2,"name":"Tourism","item":"https:\/\/www.alysson-hotel.fr\/en\/tourism\/"},{"@type":"ListItem","position":3,"name":"Hikes &amp; Walks"}]},{"@type":"WebSite","@id":"https:\/\/www.alysson-hotel.fr\/#website","url":"https:\/\/www.alysson-hotel.fr\/","name":"Alysson H\u00f4tel","description":"H\u00f4tel de standing \u00e0 Oloron-Sainte-Marie","potentialAction":[{"@type":"SearchAction","target":{"@type":"EntryPoint","urlTemplate":"https:\/\/www.alysson-hotel.fr\/?s={search_term_string}"},"query-input":{"@type":"PropertyValueSpecification","valueRequired":true,"valueName":"search_term_string"}}],"inLanguage":"en-US"}]}},"_links":{"self":[{"href":"https:\/\/www.alysson-hotel.fr\/en\/wp-json\/wp\/v2\/pages\/855","targetHints":{"allow":["GET"]}}],"collection":[{"href":"https:\/\/www.alysson-hotel.fr\/en\/wp-json\/wp\/v2\/pages"}],"about":[{"href":"https:\/\/www.alysson-hotel.fr\/en\/wp-json\/wp\/v2\/types\/page"}],"author":[{"embeddable":true,"href":"https:\/\/www.alysson-hotel.fr\/en\/wp-json\/wp\/v2\/users\/1"}],"replies":[{"embeddable":true,"href":"https:\/\/www.alysson-hotel.fr\/en\/wp-json\/wp\/v2\/comments?post=855"}],"version-history":[{"count":3,"href":"https:\/\/www.alysson-hotel.fr\/en\/wp-json\/wp\/v2\/pages\/855\/revisions"}],"predecessor-version":[{"id":858,"href":"https:\/\/www.alysson-hotel.fr\/en\/wp-json\/wp\/v2\/pages\/855\/revisions\/858"}],"up":[{"embeddable":true,"href":"https:\/\/www.alysson-hotel.fr\/en\/wp-json\/wp\/v2\/pages\/851"}],"wp:attachment":[{"href":"https:\/\/www.alysson-hotel.fr\/en\/wp-json\/wp\/v2\/media?parent=855"}],"curies":[{"name":"wp","href":"https:\/\/api.w.org\/{rel}","templated":true}]}}